{"id":12,"date":"2024-04-09T17:07:04","date_gmt":"2024-04-09T17:07:04","guid":{"rendered":"https:\/\/samiuniverso.com\/?page_id=12"},"modified":"2025-01-30T20:49:43","modified_gmt":"2025-01-30T20:49:43","slug":"contact-us","status":"publish","type":"page","link":"https:\/\/samiuniverso.com\/ar\/contact-us\/","title":{"rendered":"Cont\u00e1ctanos"},"content":{"rendered":"<p>Gracias por tu inter\u00e9s en <strong>SamiUniverso<\/strong>. Valoramos tus comentarios, preguntas y sugerencias. Aqu\u00ed te explicamos c\u00f3mo puedes ponerte en contacto con nosotros:<\/p>\n<h3><strong>Correo Electr\u00f3nico<\/strong><\/h3>\n<p>Para preguntas generales, sugerencias o comentarios, puedes escribirnos a <strong><a rel=\"noopener\">contacto@samiuniverso.com<\/a><\/strong>. Nuestro equipo se esforzar\u00e1 por responder a tus consultas lo m\u00e1s r\u00e1pido posible.<\/p>\n<h3><strong>Formulario de Contacto<\/strong><\/h3>\n<p>Si tienes dudas espec\u00edficas o deseas colaborar con nosotros enviando contenido relacionado con aplicaciones m\u00f3viles, cursos en l\u00ednea o tecnolog\u00eda, te invitamos a utilizar nuestro <strong>formulario de contacto<\/strong> disponible en la p\u00e1gina de contacto del sitio web. \u00a1Nos encantar\u00eda contar con tus aportes!<\/p>\n<h3><strong>Suscripci\u00f3n a Nuestro Bolet\u00edn<\/strong><\/h3>\n<p>Mantente actualizado con nuestros \u00faltimos art\u00edculos, tendencias tecnol\u00f3gicas y recomendaciones de aplicaciones suscribi\u00e9ndote a nuestro <strong>bolet\u00edn informativo<\/strong>. Solo tienes que ingresar tu correo electr\u00f3nico en el formulario de suscripci\u00f3n que encontrar\u00e1s al final de nuestra p\u00e1gina de inicio.<\/p>\n<h3><strong>Comentarios y Retroalimentaci\u00f3n<\/strong><\/h3>\n<p>En <strong>SamiUniverso<\/strong>, siempre estamos buscando formas de mejorar nuestro contenido y la experiencia del usuario. Si tienes sugerencias o comentarios sobre c\u00f3mo podemos hacerlo mejor, no dudes en enviarnos un correo electr\u00f3nico o dejar tu opini\u00f3n en nuestro formulario de contacto.<\/p>\n<p>Agradecemos tu inter\u00e9s y esperamos saber de ti. Tu participaci\u00f3n es fundamental para ayudarnos a seguir creando contenido de calidad en el apasionante mundo de la tecnolog\u00eda y las aplicaciones m\u00f3viles.<\/p>\n<p>\u00a1Gracias por ser parte de la comunidad de <strong>SamiUniverso<\/strong>! \ud83c\udf10<\/p>","protected":false},"excerpt":{"rendered":"<p>Gracias por tu inter\u00e9s en SamiUniverso. Valoramos tus comentarios, preguntas y sugerencias. Aqu\u00ed te explicamos c\u00f3mo puedes ponerte en contacto con nosotros: Correo Electr\u00f3nico Para preguntas generales, sugerencias o comentarios, puedes escribirnos a contacto@samiuniverso.com. Nuestro equipo se esforzar\u00e1 por responder a tus consultas lo m\u00e1s r\u00e1pido posible. Formulario de Contacto Si tienes dudas espec\u00edficas o&hellip;&nbsp;<a href=\"https:\/\/samiuniverso.com\/ar\/contact-us\/\" rel=\"bookmark\">\u0627\u0642\u0631\u0623 \u0627\u0644\u0645\u0632\u064a\u062f &raquo;<span class=\"screen-reader-text\">Cont\u00e1ctanos<\/span><\/a><\/p>","protected":false},"author":2,"featured_media":0,"parent":0,"menu_order":0,"comment_status":"closed","ping_status":"closed","template":"","meta":{"neve_meta_sidebar":"","neve_meta_container":"","neve_meta_enable_content_width":"","neve_meta_content_width":0,"neve_meta_title_alignment":"","neve_meta_author_avatar":"","neve_post_elements_order":"","neve_meta_disable_header":"","neve_meta_disable_footer":"","neve_meta_disable_title":"","footnotes":""},"class_list":["post-12","page","type-page","status-publish","hentry"],"magazineBlocksPostFeaturedMedia":{"thumbnail":false,"medium":false,"medium_large":false,"large":false,"1536x1536":false,"2048x2048":false,"trp-custom-language-flag":false,"neve-blog":false},"magazineBlocksPostAuthor":{"name":"William Meister","avatar":"https:\/\/secure.gravatar.com\/avatar\/3c89fa04eadf99d249e46c402e680cfa3c9f31af85f8598ba1f42f82bd0a03b7?s=96&d=mm&r=g"},"magazineBlocksPostCommentsNumber":false,"magazineBlocksPostExcerpt":"Gracias por tu inter\u00e9s en SamiUniverso. Valoramos tus comentarios, preguntas y sugerencias. Aqu\u00ed te explicamos c\u00f3mo puedes ponerte en contacto con nosotros: Correo Electr\u00f3nico Para preguntas generales, sugerencias o comentarios, puedes escribirnos a contacto@samiuniverso.com. Nuestro equipo se esforzar\u00e1 por responder a tus consultas lo m\u00e1s r\u00e1pido posible. Formulario de Contacto Si tienes dudas espec\u00edficas o&hellip;&nbsp;<a href=\"https:\/\/samiuniverso.com\/ar\/contact-us\/\" rel=\"bookmark\">\u0627\u0642\u0631\u0623 \u0627\u0644\u0645\u0632\u064a\u062f &raquo;<span class=\"screen-reader-text\">Cont\u00e1ctanos<\/span><\/a>","magazineBlocksPostCategories":[],"magazineBlocksPostViewCount":0,"magazineBlocksPostReadTime":2,"_links":{"self":[{"href":"https:\/\/samiuniverso.com\/ar\/wp-json\/wp\/v2\/pages\/12","targetHints":{"allow":["GET"]}}],"collection":[{"href":"https:\/\/samiuniverso.com\/ar\/wp-json\/wp\/v2\/pages"}],"about":[{"href":"https:\/\/samiuniverso.com\/ar\/wp-json\/wp\/v2\/types\/page"}],"author":[{"embeddable":true,"href":"https:\/\/samiuniverso.com\/ar\/wp-json\/wp\/v2\/users\/2"}],"replies":[{"embeddable":true,"href":"https:\/\/samiuniverso.com\/ar\/wp-json\/wp\/v2\/comments?post=12"}],"version-history":[{"count":4,"href":"https:\/\/samiuniverso.com\/ar\/wp-json\/wp\/v2\/pages\/12\/revisions"}],"predecessor-version":[{"id":1061,"href":"https:\/\/samiuniverso.com\/ar\/wp-json\/wp\/v2\/pages\/12\/revisions\/1061"}],"wp:attachment":[{"href":"https:\/\/samiuniverso.com\/ar\/wp-json\/wp\/v2\/media?parent=12"}],"curies":[{"name":"wp","href":"https:\/\/api.w.org\/{rel}","templated":true}]}}