{"id":34,"date":"2024-04-09T19:52:06","date_gmt":"2024-04-09T19:52:06","guid":{"rendered":"https:\/\/samiuniverso.com\/about-us\/"},"modified":"2025-01-30T20:43:06","modified_gmt":"2025-01-30T20:43:06","slug":"about-us","status":"publish","type":"page","link":"https:\/\/samiuniverso.com\/ar\/about-us\/","title":{"rendered":"Sobre Nosotros"},"content":{"rendered":"<p>En <strong>SamiUniverso<\/strong>, estamos apasionados por el mundo de la tecnolog\u00eda y su constante evoluci\u00f3n. Nuestro objetivo es ser tu fuente principal de informaci\u00f3n sobre aplicaciones m\u00f3viles, herramientas digitales, cursos en l\u00ednea y todo lo que necesitas para sacar el m\u00e1ximo provecho de la tecnolog\u00eda.<\/p>\n<h3><strong>Nuestra Misi\u00f3n<\/strong><\/h3>\n<p>Nuestra misi\u00f3n principal es ofrecer una plataforma donde los amantes de la tecnolog\u00eda, los entusiastas de las aplicaciones y los curiosos digitales puedan encontrar contenido valioso y actualizado. Queremos simplificar tu vida diaria y profesional mediante el uso de aplicaciones innovadoras, tutoriales pr\u00e1cticos y recursos educativos.<\/p>\n<h3><strong>Qu\u00e9 Ofrecemos<\/strong><\/h3>\n<ul>\n<li><strong>Art\u00edculos Informativos:<\/strong> Cubrimos una amplia variedad de temas, desde aplicaciones esenciales hasta gu\u00edas detalladas de tecnolog\u00eda.<\/li>\n<li><strong>Tutoriales y Consejos:<\/strong> Aprende a utilizar tus dispositivos de manera eficiente con nuestros tutoriales y consejos f\u00e1ciles de seguir.<\/li>\n<li><strong>An\u00e1lisis y Rese\u00f1as de Aplicaciones:<\/strong> Te ayudamos a tomar decisiones informadas con nuestras rese\u00f1as imparciales y recomendaciones personalizadas.<\/li>\n<li><strong>Recursos Educativos:<\/strong> Descubre cursos en l\u00ednea, plataformas de aprendizaje y herramientas que te ayudar\u00e1n a expandir tus conocimientos.<\/li>\n<li><strong>Novedades y Tendencias:<\/strong> Mantente al d\u00eda con lo \u00faltimo en tecnolog\u00eda m\u00f3vil, gadgets y aplicaciones emergentes.<\/li>\n<\/ul>\n<h3><strong>Nuestro Compromiso<\/strong><\/h3>\n<p>En <strong>SamiUniverso<\/strong>, estamos comprometidos a ofrecerte informaci\u00f3n precisa y confiable. Nuestro equipo est\u00e1 constantemente investigando las \u00faltimas tendencias tecnol\u00f3gicas para proporcionarte contenido actualizado y relevante.<\/p>\n<h3><strong>Gracias a Ti<\/strong><\/h3>\n<p>Queremos expresar nuestra m\u00e1s sincera gratitud a nuestros lectores y colaboradores. Tu apoyo es lo que hace que <strong>SamiUniverso<\/strong> siga creciendo. Te invitamos a explorar este emocionante mundo digital con nosotros, aprender nuevas habilidades y descubrir herramientas que mejorar\u00e1n tu d\u00eda a d\u00eda.<\/p>\n<p>\u00a1Gracias por ser parte de la comunidad de <strong>SamiUniverso<\/strong>! \ud83c\udf1f<\/p>","protected":false},"excerpt":{"rendered":"<p>En SamiUniverso, estamos apasionados por el mundo de la tecnolog\u00eda y su constante evoluci\u00f3n. Nuestro objetivo es ser tu fuente principal de informaci\u00f3n sobre aplicaciones m\u00f3viles, herramientas digitales, cursos en l\u00ednea y todo lo que necesitas para sacar el m\u00e1ximo provecho de la tecnolog\u00eda. Nuestra Misi\u00f3n Nuestra misi\u00f3n principal es ofrecer una plataforma donde los&hellip;&nbsp;<a href=\"https:\/\/samiuniverso.com\/ar\/about-us\/\" rel=\"bookmark\">\u0627\u0642\u0631\u0623 \u0627\u0644\u0645\u0632\u064a\u062f &raquo;<span class=\"screen-reader-text\">Sobre Nosotros<\/span><\/a><\/p>","protected":false},"author":2,"featured_media":0,"parent":0,"menu_order":0,"comment_status":"closed","ping_status":"closed","template":"","meta":{"neve_meta_sidebar":"","neve_meta_container":"","neve_meta_enable_content_width":"","neve_meta_content_width":0,"neve_meta_title_alignment":"","neve_meta_author_avatar":"","neve_post_elements_order":"","neve_meta_disable_header":"","neve_meta_disable_footer":"","neve_meta_disable_title":"","footnotes":""},"class_list":["post-34","page","type-page","status-publish","hentry"],"magazineBlocksPostFeaturedMedia":{"thumbnail":false,"medium":false,"medium_large":false,"large":false,"1536x1536":false,"2048x2048":false,"trp-custom-language-flag":false,"neve-blog":false},"magazineBlocksPostAuthor":{"name":"William Meister","avatar":"https:\/\/secure.gravatar.com\/avatar\/3c89fa04eadf99d249e46c402e680cfa3c9f31af85f8598ba1f42f82bd0a03b7?s=96&d=mm&r=g"},"magazineBlocksPostCommentsNumber":false,"magazineBlocksPostExcerpt":"En SamiUniverso, estamos apasionados por el mundo de la tecnolog\u00eda y su constante evoluci\u00f3n. Nuestro objetivo es ser tu fuente principal de informaci\u00f3n sobre aplicaciones m\u00f3viles, herramientas digitales, cursos en l\u00ednea y todo lo que necesitas para sacar el m\u00e1ximo provecho de la tecnolog\u00eda. Nuestra Misi\u00f3n Nuestra misi\u00f3n principal es ofrecer una plataforma donde los&hellip;&nbsp;<a href=\"https:\/\/samiuniverso.com\/ar\/about-us\/\" rel=\"bookmark\">\u0627\u0642\u0631\u0623 \u0627\u0644\u0645\u0632\u064a\u062f &raquo;<span class=\"screen-reader-text\">Sobre Nosotros<\/span><\/a>","magazineBlocksPostCategories":[],"magazineBlocksPostViewCount":0,"magazineBlocksPostReadTime":2,"_links":{"self":[{"href":"https:\/\/samiuniverso.com\/ar\/wp-json\/wp\/v2\/pages\/34","targetHints":{"allow":["GET"]}}],"collection":[{"href":"https:\/\/samiuniverso.com\/ar\/wp-json\/wp\/v2\/pages"}],"about":[{"href":"https:\/\/samiuniverso.com\/ar\/wp-json\/wp\/v2\/types\/page"}],"author":[{"embeddable":true,"href":"https:\/\/samiuniverso.com\/ar\/wp-json\/wp\/v2\/users\/2"}],"replies":[{"embeddable":true,"href":"https:\/\/samiuniverso.com\/ar\/wp-json\/wp\/v2\/comments?post=34"}],"version-history":[{"count":3,"href":"https:\/\/samiuniverso.com\/ar\/wp-json\/wp\/v2\/pages\/34\/revisions"}],"predecessor-version":[{"id":1057,"href":"https:\/\/samiuniverso.com\/ar\/wp-json\/wp\/v2\/pages\/34\/revisions\/1057"}],"wp:attachment":[{"href":"https:\/\/samiuniverso.com\/ar\/wp-json\/wp\/v2\/media?parent=34"}],"curies":[{"name":"wp","href":"https:\/\/api.w.org\/{rel}","templated":true}]}}