{"id":32,"date":"2024-04-09T19:52:06","date_gmt":"2024-04-09T19:52:06","guid":{"rendered":"https:\/\/samiuniverso.com\/privacy-policy\/"},"modified":"2025-09-20T23:47:08","modified_gmt":"2025-09-20T23:47:08","slug":"privacy-policy","status":"publish","type":"page","link":"https:\/\/samiuniverso.com\/it\/privacy-policy\/","title":{"rendered":"Pol\u00edtica de Privacidad"},"content":{"rendered":"<p>En <strong>SamiUniverso<\/strong>, accesible desde <a href=\"https:\/\/samiuniverso.com\/it\/\" target=\"_new\" rel=\"noopener\">https:\/\/samiuniverso.com<\/a>, una de nuestras principales prioridades es la privacidad de nuestros visitantes. Este documento de Pol\u00edtica de Privacidad detalla los tipos de informaci\u00f3n que recopilamos y c\u00f3mo la utilizamos.<\/p>\n<p>Si tienes preguntas adicionales o necesitas m\u00e1s informaci\u00f3n sobre nuestra Pol\u00edtica de Privacidad, no dudes en contactarnos en <strong><a rel=\"noopener\">contacto@samiuniverso.com<\/a><\/strong>.<\/p>\n<h3><strong>Consentimiento<\/strong><\/h3>\n<p>Al usar nuestro sitio web, aceptas nuestra Pol\u00edtica de Privacidad y sus t\u00e9rminos.<\/p>\n<h3><strong>Informaci\u00f3n que Recopilamos<\/strong><\/h3>\n<p>La informaci\u00f3n personal que se te solicita y las razones por las que se solicita ser\u00e1n claras en el momento en que te pidamos proporcionarla.<\/p>\n<p>Si nos contactas directamente, podemos recibir informaci\u00f3n adicional como tu nombre, direcci\u00f3n de correo electr\u00f3nico, n\u00famero de tel\u00e9fono, el contenido del mensaje y\/o cualquier archivo adjunto que nos env\u00edes.<\/p>\n<h3><strong>C\u00f3mo Usamos Tu Informaci\u00f3n<\/strong><\/h3>\n<p>La informaci\u00f3n que recopilamos se utiliza de varias maneras, incluyendo:<\/p>\n<ul>\n<li>Proveer, operar y mantener nuestro sitio web.<\/li>\n<li>Mejorar, personalizar y expandir nuestro contenido.<\/li>\n<li>Comprender y analizar c\u00f3mo los usuarios interact\u00faan con nuestro sitio web.<\/li>\n<li>Desarrollar nuevos productos, servicios, caracter\u00edsticas y funcionalidades.<\/li>\n<li>Comunicarnos contigo para ofrecer soporte, responder a consultas y enviarte actualizaciones.<\/li>\n<li>Enviar correos electr\u00f3nicos relevantes.<\/li>\n<li>Detectar y prevenir fraudes.<\/li>\n<\/ul>\n<h3><strong>Archivos de Registro (Log Files)<\/strong><\/h3>\n<p><strong>SamiUniverso<\/strong> sigue un procedimiento est\u00e1ndar de uso de archivos de registro. Estos archivos registran a los visitantes cuando acceden al sitio web. La informaci\u00f3n recopilada puede incluir direcciones IP, tipo de navegador, proveedor de servicios de internet (ISP), fecha y hora de acceso, y p\u00e1ginas de referencia o salida. Esta informaci\u00f3n no est\u00e1 vinculada a ning\u00fan dato personal identificable y se utiliza para analizar tendencias y administrar el sitio.<\/p>\n<h3><strong>Cookies y Web Beacons<\/strong><\/h3>\n<p>Al igual que otros sitios web, <strong>SamiUniverso<\/strong> utiliza cookies para almacenar informaci\u00f3n como las preferencias de los visitantes y las p\u00e1ginas del sitio web que han visitado. Esta informaci\u00f3n nos ayuda a optimizar la experiencia del usuario.<\/p>\n<h3><strong>Cookies de Terceros y Publicidad<\/strong><\/h3>\n<p>Google, como proveedor externo, utiliza cookies conocidas como DART para mostrar anuncios en funci\u00f3n de las visitas de los usuarios a este y otros sitios web. Puedes optar por desactivar las cookies de DART visitando la <a href=\"https:\/\/policies.google.com\/technologies\/ads\" target=\"_new\" rel=\"noopener\">Pol\u00edtica de Privacidad de Google<\/a>.<\/p>\n<h3><strong>Pol\u00edticas de Privacidad de Terceros<\/strong><\/h3>\n<p>La Pol\u00edtica de Privacidad de <strong>SamiUniverso<\/strong> no se aplica a otros sitios o anunciantes. Por lo tanto, te recomendamos revisar las pol\u00edticas de privacidad de estos terceros para obtener m\u00e1s informaci\u00f3n sobre c\u00f3mo manejan tus datos.<\/p>\n<h3><strong>Derechos de Privacidad bajo el CCPA<\/strong><\/h3>\n<p>Si eres un consumidor en California, tienes derecho a:<\/p>\n<ul>\n<li>Solicitar qu\u00e9 datos personales hemos recopilado y c\u00f3mo se han utilizado.<\/li>\n<li>Solicitar la eliminaci\u00f3n de tus datos personales.<\/li>\n<li>Solicitar que no vendamos tus datos personales.<\/li>\n<\/ul>\n<p>Si deseas ejercer alguno de estos derechos, puedes contactarnos y responderemos en un plazo de 30 d\u00edas.<\/p>\n<h3><strong>Derechos de Protecci\u00f3n de Datos bajo el RGPD<\/strong><\/h3>\n<p>Si te encuentras en la Uni\u00f3n Europea, tienes los siguientes derechos:<\/p>\n<ul>\n<li><strong>Derecho de acceso:<\/strong> Solicitar copias de tus datos personales.<\/li>\n<li><strong>Derecho de rectificaci\u00f3n:<\/strong> Solicitar correcciones si la informaci\u00f3n es incorrecta.<\/li>\n<li><strong>Derecho de supresi\u00f3n:<\/strong> Solicitar la eliminaci\u00f3n de tus datos en determinadas circunstancias.<\/li>\n<li><strong>Derecho a restringir el procesamiento:<\/strong> Solicitar que limitemos el uso de tus datos.<\/li>\n<li><strong>Derecho de oposici\u00f3n:<\/strong> Oponerte al procesamiento de tus datos personales.<\/li>\n<li><strong>Derecho a la portabilidad de los datos:<\/strong> Solicitar la transferencia de tus datos a otra organizaci\u00f3n.<\/li>\n<\/ul>\n<p>Si deseas ejercer alguno de estos derechos, cont\u00e1ctanos y responderemos dentro de un mes.<\/p>\n<h3><strong>Protecci\u00f3n de la Informaci\u00f3n de los Ni\u00f1os<\/strong><\/h3>\n<p>En <strong>SamiUniverso<\/strong>, nos comprometemos a proteger la privacidad de los ni\u00f1os. No recopilamos conscientemente informaci\u00f3n personal identificable de ni\u00f1os menores de 13 a\u00f1os. Si crees que tu hijo nos ha proporcionado este tipo de informaci\u00f3n, cont\u00e1ctanos de inmediato y haremos todo lo posible por eliminarla de nuestros registros.<\/p>\n<h3><strong>Cambios en esta Pol\u00edtica de Privacidad<\/strong><\/h3>\n<p>Podemos actualizar esta Pol\u00edtica de Privacidad peri\u00f3dicamente. Te recomendamos revisar esta p\u00e1gina para mantenerte informado de cualquier cambio.<\/p>\n<h3><strong>Cont\u00e1ctanos<\/strong><\/h3>\n<p>Si tienes preguntas o comentarios sobre esta Pol\u00edtica de Privacidad, no dudes en escribirnos a <strong><a rel=\"noopener\">contacto@samiuniverso.com<\/a><\/strong>.<\/p>","protected":false},"excerpt":{"rendered":"<p>En SamiUniverso, accesible desde https:\/\/samiuniverso.com, una de nuestras principales prioridades es la privacidad de nuestros visitantes. Este documento de Pol\u00edtica de Privacidad detalla los tipos de informaci\u00f3n que recopilamos y c\u00f3mo la utilizamos. Si tienes preguntas adicionales o necesitas m\u00e1s informaci\u00f3n sobre nuestra Pol\u00edtica de Privacidad, no dudes en contactarnos en contacto@samiuniverso.com. Consentimiento Al usar&hellip;&nbsp;<a href=\"https:\/\/samiuniverso.com\/it\/privacy-policy\/\" rel=\"bookmark\">Leggi tutto &raquo;<span class=\"screen-reader-text\">Pol\u00edtica de Privacidad<\/span><\/a><\/p>","protected":false},"author":2,"featured_media":0,"parent":0,"menu_order":0,"comment_status":"closed","ping_status":"closed","template":"","meta":{"neve_meta_sidebar":"","neve_meta_container":"","neve_meta_enable_content_width":"off","neve_meta_content_width":100,"neve_meta_title_alignment":"","neve_meta_author_avatar":"","neve_post_elements_order":"","neve_meta_disable_header":"","neve_meta_disable_footer":"","neve_meta_disable_title":"","footnotes":""},"class_list":["post-32","page","type-page","status-publish","hentry"],"magazineBlocksPostFeaturedMedia":{"thumbnail":false,"medium":false,"medium_large":false,"large":false,"1536x1536":false,"2048x2048":false,"trp-custom-language-flag":false,"neve-blog":false},"magazineBlocksPostAuthor":{"name":"William Meister","avatar":"https:\/\/secure.gravatar.com\/avatar\/3c89fa04eadf99d249e46c402e680cfa3c9f31af85f8598ba1f42f82bd0a03b7?s=96&d=mm&r=g"},"magazineBlocksPostCommentsNumber":false,"magazineBlocksPostExcerpt":"En SamiUniverso, accesible desde https:\/\/samiuniverso.com, una de nuestras principales prioridades es la privacidad de nuestros visitantes. Este documento de Pol\u00edtica de Privacidad detalla los tipos de informaci\u00f3n que recopilamos y c\u00f3mo la utilizamos. Si tienes preguntas adicionales o necesitas m\u00e1s informaci\u00f3n sobre nuestra Pol\u00edtica de Privacidad, no dudes en contactarnos en contacto@samiuniverso.com. Consentimiento Al usar&hellip;&nbsp;<a href=\"https:\/\/samiuniverso.com\/it\/privacy-policy\/\" rel=\"bookmark\">Leggi tutto &raquo;<span class=\"screen-reader-text\">Pol\u00edtica de Privacidad<\/span><\/a>","magazineBlocksPostCategories":[],"magazineBlocksPostViewCount":0,"magazineBlocksPostReadTime":4,"_links":{"self":[{"href":"https:\/\/samiuniverso.com\/it\/wp-json\/wp\/v2\/pages\/32","targetHints":{"allow":["GET"]}}],"collection":[{"href":"https:\/\/samiuniverso.com\/it\/wp-json\/wp\/v2\/pages"}],"about":[{"href":"https:\/\/samiuniverso.com\/it\/wp-json\/wp\/v2\/types\/page"}],"author":[{"embeddable":true,"href":"https:\/\/samiuniverso.com\/it\/wp-json\/wp\/v2\/users\/2"}],"replies":[{"embeddable":true,"href":"https:\/\/samiuniverso.com\/it\/wp-json\/wp\/v2\/comments?post=32"}],"version-history":[{"count":2,"href":"https:\/\/samiuniverso.com\/it\/wp-json\/wp\/v2\/pages\/32\/revisions"}],"predecessor-version":[{"id":1062,"href":"https:\/\/samiuniverso.com\/it\/wp-json\/wp\/v2\/pages\/32\/revisions\/1062"}],"wp:attachment":[{"href":"https:\/\/samiuniverso.com\/it\/wp-json\/wp\/v2\/media?parent=32"}],"curies":[{"name":"wp","href":"https:\/\/api.w.org\/{rel}","templated":true}]}}