{"id":39,"date":"2024-04-09T19:56:45","date_gmt":"2024-04-09T19:56:45","guid":{"rendered":"https:\/\/samiuniverso.com\/?page_id=39"},"modified":"2025-01-30T20:45:50","modified_gmt":"2025-01-30T20:45:50","slug":"disclaimer","status":"publish","type":"page","link":"https:\/\/samiuniverso.com\/it\/disclaimer\/","title":{"rendered":"Aviso Legal"},"content":{"rendered":"<p>La informaci\u00f3n proporcionada en el sitio web de <strong>SamiUniverso<\/strong> es solo para fines informativos generales. Aunque nos esforzamos por ofrecer contenido preciso y actualizado, no garantizamos la integridad, fiabilidad o exactitud de la informaci\u00f3n presentada en este sitio.<\/p>\n<h3><strong>Consejo Profesional<\/strong><\/h3>\n<p>El contenido de <strong>SamiUniverso<\/strong> no sustituye el asesoramiento profesional. Siempre recomendamos buscar la orientaci\u00f3n de expertos calificados en tecnolog\u00eda, desarrollo de aplicaciones o \u00e1reas relacionadas si tienes dudas espec\u00edficas sobre el uso de herramientas, aplicaciones o cualquier contenido presentado en nuestro sitio.<\/p>\n<h3><strong>Asunci\u00f3n de Riesgo<\/strong><\/h3>\n<p>El uso de tecnolog\u00edas, aplicaciones m\u00f3viles y cursos en l\u00ednea puede implicar riesgos. <strong>SamiUniverso<\/strong> no asume ninguna responsabilidad por posibles da\u00f1os, p\u00e9rdidas o inconvenientes derivados de la informaci\u00f3n presentada en este sitio o del uso de aplicaciones y tecnolog\u00edas discutidas.<\/p>\n<h3><strong>Enlaces Externos<\/strong><\/h3>\n<p>En <strong>SamiUniverso<\/strong>, puedes encontrar enlaces a sitios web o recursos externos. No respaldamos ni garantizamos la exactitud de la informaci\u00f3n contenida en estos sitios externos. Te recomendamos ejercer precauci\u00f3n y revisar los t\u00e9rminos y pol\u00edticas de privacidad de cualquier sitio web de terceros que visites.<\/p>\n<h3><strong>Derechos de Autor y Uso<\/strong><\/h3>\n<p>Todo el contenido de este sitio web, incluidos textos, im\u00e1genes, gr\u00e1ficos y otros materiales, est\u00e1 protegido por derechos de autor. No est\u00e1 permitido reproducir, distribuir o utilizar ning\u00fan contenido de <strong>SamiUniverso<\/strong> sin nuestro permiso expreso por escrito.<\/p>\n<h3><strong>Cambios en el Contenido<\/strong><\/h3>\n<p>Nos reservamos el derecho de modificar, actualizar o eliminar cualquier contenido de este sitio a nuestra discreci\u00f3n y sin previo aviso.<\/p>\n<h3><strong>Consentimiento<\/strong><\/h3>\n<p>Al utilizar el sitio web de <strong>SamiUniverso<\/strong>, aceptas este aviso legal y est\u00e1s de acuerdo con sus t\u00e9rminos.<\/p>\n<h3><strong>Preguntas<\/strong><\/h3>\n<p>Si tienes alguna pregunta o inquietud sobre este aviso legal, puedes contactarnos en <strong><a rel=\"noopener\">contacto@samiuniverso.com<\/a><\/strong>.<\/p>\n<p>Al usar este sitio web, reconoces que has le\u00eddo y comprendido este aviso legal. Agradecemos tu confianza y esperamos que disfrutes de una experiencia informativa y segura en el mundo de las aplicaciones y la tecnolog\u00eda.<\/p>","protected":false},"excerpt":{"rendered":"<p>La informaci\u00f3n proporcionada en el sitio web de SamiUniverso es solo para fines informativos generales. Aunque nos esforzamos por ofrecer contenido preciso y actualizado, no garantizamos la integridad, fiabilidad o exactitud de la informaci\u00f3n presentada en este sitio. Consejo Profesional El contenido de SamiUniverso no sustituye el asesoramiento profesional. Siempre recomendamos buscar la orientaci\u00f3n de&hellip;&nbsp;<a href=\"https:\/\/samiuniverso.com\/it\/disclaimer\/\" rel=\"bookmark\">Leggi tutto &raquo;<span class=\"screen-reader-text\">Aviso Legal<\/span><\/a><\/p>","protected":false},"author":2,"featured_media":0,"parent":0,"menu_order":0,"comment_status":"closed","ping_status":"closed","template":"","meta":{"neve_meta_sidebar":"","neve_meta_container":"","neve_meta_enable_content_width":"","neve_meta_content_width":0,"neve_meta_title_alignment":"","neve_meta_author_avatar":"","neve_post_elements_order":"","neve_meta_disable_header":"","neve_meta_disable_footer":"","neve_meta_disable_title":"","footnotes":""},"class_list":["post-39","page","type-page","status-publish","hentry"],"magazineBlocksPostFeaturedMedia":{"thumbnail":false,"medium":false,"medium_large":false,"large":false,"1536x1536":false,"2048x2048":false,"trp-custom-language-flag":false,"neve-blog":false},"magazineBlocksPostAuthor":{"name":"William Meister","avatar":"https:\/\/secure.gravatar.com\/avatar\/3c89fa04eadf99d249e46c402e680cfa3c9f31af85f8598ba1f42f82bd0a03b7?s=96&d=mm&r=g"},"magazineBlocksPostCommentsNumber":false,"magazineBlocksPostExcerpt":"La informaci\u00f3n proporcionada en el sitio web de SamiUniverso es solo para fines informativos generales. Aunque nos esforzamos por ofrecer contenido preciso y actualizado, no garantizamos la integridad, fiabilidad o exactitud de la informaci\u00f3n presentada en este sitio. Consejo Profesional El contenido de SamiUniverso no sustituye el asesoramiento profesional. Siempre recomendamos buscar la orientaci\u00f3n de&hellip;&nbsp;<a href=\"https:\/\/samiuniverso.com\/it\/disclaimer\/\" rel=\"bookmark\">Leggi tutto &raquo;<span class=\"screen-reader-text\">Aviso Legal<\/span><\/a>","magazineBlocksPostCategories":[],"magazineBlocksPostViewCount":0,"magazineBlocksPostReadTime":2,"_links":{"self":[{"href":"https:\/\/samiuniverso.com\/it\/wp-json\/wp\/v2\/pages\/39","targetHints":{"allow":["GET"]}}],"collection":[{"href":"https:\/\/samiuniverso.com\/it\/wp-json\/wp\/v2\/pages"}],"about":[{"href":"https:\/\/samiuniverso.com\/it\/wp-json\/wp\/v2\/types\/page"}],"author":[{"embeddable":true,"href":"https:\/\/samiuniverso.com\/it\/wp-json\/wp\/v2\/users\/2"}],"replies":[{"embeddable":true,"href":"https:\/\/samiuniverso.com\/it\/wp-json\/wp\/v2\/comments?post=39"}],"version-history":[{"count":3,"href":"https:\/\/samiuniverso.com\/it\/wp-json\/wp\/v2\/pages\/39\/revisions"}],"predecessor-version":[{"id":1059,"href":"https:\/\/samiuniverso.com\/it\/wp-json\/wp\/v2\/pages\/39\/revisions\/1059"}],"wp:attachment":[{"href":"https:\/\/samiuniverso.com\/it\/wp-json\/wp\/v2\/media?parent=39"}],"curies":[{"name":"wp","href":"https:\/\/api.w.org\/{rel}","templated":true}]}}